{"id":6,"date":"2024-07-22T15:04:46","date_gmt":"2024-07-22T15:04:46","guid":{"rendered":"http:\/\/hotel-riedlingen.com\/?page_id=6"},"modified":"2024-10-18T08:48:04","modified_gmt":"2024-10-18T08:48:04","slug":"hotel","status":"publish","type":"page","link":"http:\/\/hotel-riedlingen.com\/en\/","title":{"rendered":"Home Hotel Gudrun"},"content":{"rendered":"<div data-elementor-type=\"wp-page\" data-elementor-id=\"6\" class=\"elementor elementor-6\">\n\t\t\t\t<div class=\"elementor-element elementor-element-936a252 e-con-full e-flex e-con e-parent\" data-id=\"936a252\" data-element_type=\"container\" data-e-type=\"container\">\n\t\t\t\t<div class=\"elementor-element elementor-element-9aa298d elementor-widget__width-inherit elementor-arrows-position-inside elementor-widget elementor-widget-image-carousel\" data-id=\"9aa298d\" data-element_type=\"widget\" data-e-type=\"widget\" data-settings=\"{&quot;slides_to_show&quot;:&quot;1&quot;,&quot;navigation&quot;:&quot;arrows&quot;,&quot;autoplay&quot;:&quot;yes&quot;,&quot;pause_on_hover&quot;:&quot;yes&quot;,&quot;pause_on_interaction&quot;:&quot;yes&quot;,&quot;autoplay_speed&quot;:5000,&quot;infinite&quot;:&quot;yes&quot;,&quot;effect&quot;:&quot;slide&quot;,&quot;speed&quot;:500}\" data-widget_type=\"image-carousel.default\">\n\t\t\t\t<div class=\"elementor-widget-container\">\n\t\t\t\t\t\t\t<div class=\"elementor-image-carousel-wrapper swiper\" role=\"region\" aria-roledescription=\"carousel\" aria-label=\"Bild Karussell\" dir=\"ltr\">\n\t\t\t<div class=\"elementor-image-carousel swiper-wrapper swiper-image-stretch\" aria-live=\"off\">\n\t\t\t\t\t\t\t\t<div class=\"swiper-slide\" role=\"group\" aria-roledescription=\"slide\" aria-label=\"1 von 7\"><figure class=\"swiper-slide-inner\"><img decoding=\"async\" class=\"swiper-slide-image\" src=\"https:\/\/hotel-riedlingen.com\/wp-content\/uploads\/2024\/07\/0U5A9959_web1280x600_SliderStart_4.jpg\" alt=\"0U5A9959_web1280x600_SliderStart_4.jpg\" \/><\/figure><\/div><div class=\"swiper-slide\" role=\"group\" aria-roledescription=\"slide\" aria-label=\"2 von 7\"><figure class=\"swiper-slide-inner\"><img decoding=\"async\" class=\"swiper-slide-image\" src=\"https:\/\/hotel-riedlingen.com\/wp-content\/uploads\/2024\/07\/Gebaeude_1280x600px.jpg\" alt=\"Gebaeude_1280x600px.jpg\" \/><\/figure><\/div><div class=\"swiper-slide\" role=\"group\" aria-roledescription=\"slide\" aria-label=\"3 von 7\"><figure class=\"swiper-slide-inner\"><img decoding=\"async\" class=\"swiper-slide-image\" src=\"https:\/\/hotel-riedlingen.com\/wp-content\/uploads\/2024\/07\/0U5A0027_web1280x600_SliderStart_5.jpg\" alt=\"0U5A0027_web1280x600_SliderStart_5\" \/><\/figure><\/div><div class=\"swiper-slide\" role=\"group\" aria-roledescription=\"slide\" aria-label=\"4 von 7\"><figure class=\"swiper-slide-inner\"><img decoding=\"async\" class=\"swiper-slide-image\" src=\"https:\/\/hotel-riedlingen.com\/wp-content\/uploads\/2024\/07\/0U5A9989_web1280x600_SliderStart_6.jpg\" alt=\"0U5A9989_web1280x600_SliderStart_6\" \/><\/figure><\/div><div class=\"swiper-slide\" role=\"group\" aria-roledescription=\"slide\" aria-label=\"5 von 7\"><figure class=\"swiper-slide-inner\"><img decoding=\"async\" class=\"swiper-slide-image\" src=\"https:\/\/hotel-riedlingen.com\/wp-content\/uploads\/2024\/07\/Slider_Start_1_AdobeStock_64567213.jpg\" alt=\"H\u00e4userfront an der Donau, Riedlingen\" \/><\/figure><\/div><div class=\"swiper-slide\" role=\"group\" aria-roledescription=\"slide\" aria-label=\"6 von 7\"><figure class=\"swiper-slide-inner\"><img decoding=\"async\" class=\"swiper-slide-image\" src=\"https:\/\/hotel-riedlingen.com\/wp-content\/uploads\/2024\/07\/Slider_Start-2_AdobeStock_126761149.jpg\" alt=\"Radweg an der Donau bei Riedlingen\" \/><\/figure><\/div><div class=\"swiper-slide\" role=\"group\" aria-roledescription=\"slide\" aria-label=\"7 von 7\"><figure class=\"swiper-slide-inner\"><img decoding=\"async\" class=\"swiper-slide-image\" src=\"https:\/\/hotel-riedlingen.com\/wp-content\/uploads\/2024\/07\/Slider_Start-3_AdobeStock_25049416.jpg\" alt=\"Riedlingen\" \/><\/figure><\/div>\t\t\t<\/div>\n\t\t\t\t\t\t\t\t\t\t\t\t<div class=\"elementor-swiper-button elementor-swiper-button-prev\" role=\"button\" tabindex=\"0\">\n\t\t\t\t\t\t<svg aria-hidden=\"true\" class=\"e-font-icon-svg e-eicon-chevron-left\" viewbox=\"0 0 1000 1000\" xmlns=\"http:\/\/www.w3.org\/2000\/svg\"><path d=\"M646 125C629 125 613 133 604 142L308 442C296 454 292 471 292 487 292 504 296 521 308 533L604 854C617 867 629 875 646 875 663 875 679 871 692 858 704 846 713 829 713 812 713 796 708 779 692 767L438 487 692 225C700 217 708 204 708 187 708 171 704 154 692 142 675 129 663 125 646 125Z\"><\/path><\/svg>\t\t\t\t\t<\/div>\n\t\t\t\t\t<div class=\"elementor-swiper-button elementor-swiper-button-next\" role=\"button\" tabindex=\"0\">\n\t\t\t\t\t\t<svg aria-hidden=\"true\" class=\"e-font-icon-svg e-eicon-chevron-right\" viewbox=\"0 0 1000 1000\" xmlns=\"http:\/\/www.w3.org\/2000\/svg\"><path d=\"M696 533C708 521 713 504 713 487 713 471 708 454 696 446L400 146C388 133 375 125 354 125 338 125 325 129 313 142 300 154 292 171 292 187 292 204 296 221 308 233L563 492 304 771C292 783 288 800 288 817 288 833 296 850 308 863 321 871 338 875 354 875 371 875 388 867 400 854L696 533Z\"><\/path><\/svg>\t\t\t\t\t<\/div>\n\t\t\t\t\n\t\t\t\t\t\t\t\t\t<\/div>\n\t\t\t\t\t\t<\/div>\n\t\t\t\t<\/div>\n\t\t\t\t<\/div>\n\t\t<div class=\"elementor-element elementor-element-5216a8e e-flex e-con-boxed e-con e-parent\" data-id=\"5216a8e\" data-element_type=\"container\" data-e-type=\"container\" data-settings=\"{&quot;background_background&quot;:&quot;classic&quot;}\">\n\t\t\t\t\t<div class=\"e-con-inner\">\n\t\t<div class=\"elementor-element elementor-element-fe17542 e-con-full elementor-hidden-mobile e-flex e-con e-child\" data-id=\"fe17542\" data-element_type=\"container\" data-e-type=\"container\">\n\t\t\t\t<div class=\"elementor-element elementor-element-18da156 elementor-widget elementor-widget-image\" data-id=\"18da156\" data-element_type=\"widget\" data-e-type=\"widget\" data-widget_type=\"image.default\">\n\t\t\t\t<div class=\"elementor-widget-container\">\n\t\t\t\t\t\t\t\t\t\t\t\t\t\t\t<img decoding=\"async\" width=\"59\" height=\"57\" src=\"https:\/\/hotel-riedlingen.com\/wp-content\/uploads\/2024\/07\/Icon-Kalender2_weiss-1.png\" class=\"attachment-large size-large wp-image-121\" alt=\"\" srcset=\"https:\/\/hotel-riedlingen.com\/wp-content\/uploads\/2024\/07\/Icon-Kalender2_weiss-1.png 59w, https:\/\/hotel-riedlingen.com\/wp-content\/uploads\/2024\/07\/Icon-Kalender2_weiss-1-12x12.png 12w\" sizes=\"(max-width: 59px) 100vw, 59px\" \/>\t\t\t\t\t\t\t\t\t\t\t\t\t\t\t<\/div>\n\t\t\t\t<\/div>\n\t\t\t\t<\/div>\n\t\t<div class=\"elementor-element elementor-element-16ea3fe e-con-full elementor-hidden-mobile e-flex e-con e-child\" data-id=\"16ea3fe\" data-element_type=\"container\" data-e-type=\"container\">\n\t\t\t\t<div class=\"elementor-element elementor-element-9d427d2 elementor-widget elementor-widget-heading\" data-id=\"9d427d2\" data-element_type=\"widget\" data-e-type=\"widget\" data-widget_type=\"heading.default\">\n\t\t\t\t<div class=\"elementor-widget-container\">\n\t\t\t\t\t<h2 class=\"elementor-heading-title elementor-size-default\">CHECK YOUR DESIRED DATE NOW!<\/h2>\t\t\t\t<\/div>\n\t\t\t\t<\/div>\n\t\t\t\t<\/div>\n\t\t<div class=\"elementor-element elementor-element-c76bd89 e-con-full e-flex e-con e-child\" data-id=\"c76bd89\" data-element_type=\"container\" data-e-type=\"container\">\n\t\t\t\t<div class=\"elementor-element elementor-element-5e5c5a0 elementor-widget elementor-widget-html\" data-id=\"5e5c5a0\" data-element_type=\"widget\" data-e-type=\"widget\" id=\"buchen\" data-widget_type=\"html.default\">\n\t\t\t\t<div class=\"elementor-widget-container\">\n\t\t\t\t\t<a href=\"#\" class=\"d21-trigger-ibe\">Book now at the desired date<\/a>\t\t\t\t<\/div>\n\t\t\t\t<\/div>\n\t\t\t\t<\/div>\n\t\t\t\t\t<\/div>\n\t\t\t\t<\/div>\n\t\t<div class=\"elementor-element elementor-element-8f053c3 e-flex e-con-boxed e-con e-parent\" data-id=\"8f053c3\" data-element_type=\"container\" data-e-type=\"container\">\n\t\t\t\t\t<div class=\"e-con-inner\">\n\t\t\t\t<div class=\"elementor-element elementor-element-1e11d75 elementor-widget elementor-widget-text-editor\" data-id=\"1e11d75\" data-element_type=\"widget\" data-e-type=\"widget\" data-widget_type=\"text-editor.default\">\n\t\t\t\t<div class=\"elementor-widget-container\">\n\t\t\t\t\t\t\t\t\t<h4>YOUR HOTEL IN RIEDLINGEN<\/h4><h1>RELAX. SPOIL. LET GO.<\/h1><p>In the newly built Hotel Gudrun you can spend your most beautiful holiday in Upper Swabia. With state-of-the-art facilities and a great location. We are located at the city centre with all the action close by. For those seeking some peace and tranquility there are many quiet places around to relax and unwind. Eat at the restaurant \"Rosengarten\" next door or Pizzeria L\u2019Aragosta about 200 m away and enjoy the quality and generous selection of real gourmet restaurants. Of course, we offer you a varied breakfast for a successful start to the day.<\/p>\t\t\t\t\t\t\t\t<\/div>\n\t\t\t\t<\/div>\n\t\t\t\t\t<\/div>\n\t\t\t\t<\/div>\n\t\t<div class=\"elementor-element elementor-element-8a67569 e-grid e-con-boxed e-con e-parent\" data-id=\"8a67569\" data-element_type=\"container\" data-e-type=\"container\" data-settings=\"{&quot;background_background&quot;:&quot;classic&quot;}\">\n\t\t\t\t\t<div class=\"e-con-inner\">\n\t\t\t\t<div class=\"elementor-element elementor-element-fc62475 elementor-widget elementor-widget-image\" data-id=\"fc62475\" data-element_type=\"widget\" data-e-type=\"widget\" data-widget_type=\"image.default\">\n\t\t\t\t<div class=\"elementor-widget-container\">\n\t\t\t\t\t\t\t\t\t\t\t\t\t\t\t<img fetchpriority=\"high\" decoding=\"async\" width=\"1024\" height=\"1024\" src=\"https:\/\/hotel-riedlingen.com\/wp-content\/uploads\/2024\/07\/rosengarten-1024x1024.jpg\" class=\"attachment-large size-large wp-image-144\" alt=\"\" srcset=\"https:\/\/hotel-riedlingen.com\/wp-content\/uploads\/2024\/07\/rosengarten-1024x1024.jpg 1024w, https:\/\/hotel-riedlingen.com\/wp-content\/uploads\/2024\/07\/rosengarten-300x300.jpg 300w, https:\/\/hotel-riedlingen.com\/wp-content\/uploads\/2024\/07\/rosengarten-150x150.jpg 150w, https:\/\/hotel-riedlingen.com\/wp-content\/uploads\/2024\/07\/rosengarten-768x768.jpg 768w, https:\/\/hotel-riedlingen.com\/wp-content\/uploads\/2024\/07\/rosengarten-12x12.jpg 12w, https:\/\/hotel-riedlingen.com\/wp-content\/uploads\/2024\/07\/rosengarten-600x600.jpg 600w, https:\/\/hotel-riedlingen.com\/wp-content\/uploads\/2024\/07\/rosengarten.jpg 1200w\" sizes=\"(max-width: 1024px) 100vw, 1024px\" \/>\t\t\t\t\t\t\t\t\t\t\t\t\t\t\t<\/div>\n\t\t\t\t<\/div>\n\t\t\t\t<div class=\"elementor-element elementor-element-429b066 elementor-widget elementor-widget-text-editor\" data-id=\"429b066\" data-element_type=\"widget\" data-e-type=\"widget\" data-widget_type=\"text-editor.default\">\n\t\t\t\t<div class=\"elementor-widget-container\">\n\t\t\t\t\t\t\t\t\t<h4>Restaurant Rosengarten<\/h4><h2>Fresh food from the region<\/h2><p><strong>Palate pleasures on the same terrain<\/strong><\/p><p>The Restaurant Rosengarten is pleased to offer you good German cuisine with exclusive use of regional products.<\/p><p>Guests enjoy this offer and thank us with very good reviews.<\/p>\t\t\t\t\t\t\t\t<\/div>\n\t\t\t\t<\/div>\n\t\t\t\t\t<\/div>\n\t\t\t\t<\/div>\n\t\t<div class=\"elementor-element elementor-element-7e26470 e-grid e-con-boxed e-con e-parent\" data-id=\"7e26470\" data-element_type=\"container\" data-e-type=\"container\" data-settings=\"{&quot;background_background&quot;:&quot;classic&quot;}\">\n\t\t\t\t\t<div class=\"e-con-inner\">\n\t\t\t\t<div class=\"elementor-element elementor-element-b49d6ce elementor-widget elementor-widget-text-editor\" data-id=\"b49d6ce\" data-element_type=\"widget\" data-e-type=\"widget\" data-widget_type=\"text-editor.default\">\n\t\t\t\t<div class=\"elementor-widget-container\">\n\t\t\t\t\t\t\t\t\t<h4>CYCLISTS WELCOME<\/h4><h2>Bicycle-friendly hospitality<\/h2><p>You\u2019re in good hands \u2013 we cater to the specific needs of cyclists on holiday.\u00a0<\/p><p>Being a certified hospitality business, we meet all the quality criteria of the German Cycling Federation (ADFC).<\/p><p>We will warmly welcome you even for just one night. We\u2018ll provide you with a lockable room to park your bike in, washing and drying facilities if you need them, tools for small repairs, and much more\u2026<\/p>\t\t\t\t\t\t\t\t<\/div>\n\t\t\t\t<\/div>\n\t\t\t\t<div class=\"elementor-element elementor-element-ae4130c elementor-widget elementor-widget-image\" data-id=\"ae4130c\" data-element_type=\"widget\" data-e-type=\"widget\" data-widget_type=\"image.default\">\n\t\t\t\t<div class=\"elementor-widget-container\">\n\t\t\t\t\t\t\t\t\t\t\t\t\t\t\t<img decoding=\"async\" width=\"540\" height=\"540\" src=\"https:\/\/hotel-riedlingen.com\/wp-content\/uploads\/2024\/07\/bed_bike540.jpg\" class=\"attachment-large size-large wp-image-326\" alt=\"\" srcset=\"https:\/\/hotel-riedlingen.com\/wp-content\/uploads\/2024\/07\/bed_bike540.jpg 540w, https:\/\/hotel-riedlingen.com\/wp-content\/uploads\/2024\/07\/bed_bike540-300x300.jpg 300w, https:\/\/hotel-riedlingen.com\/wp-content\/uploads\/2024\/07\/bed_bike540-150x150.jpg 150w, https:\/\/hotel-riedlingen.com\/wp-content\/uploads\/2024\/07\/bed_bike540-12x12.jpg 12w\" sizes=\"(max-width: 540px) 100vw, 540px\" \/>\t\t\t\t\t\t\t\t\t\t\t\t\t\t\t<\/div>\n\t\t\t\t<\/div>\n\t\t\t\t\t<\/div>\n\t\t\t\t<\/div>\n\t\t<div class=\"elementor-element elementor-element-a972644 e-flex e-con-boxed e-con e-parent\" data-id=\"a972644\" data-element_type=\"container\" data-e-type=\"container\">\n\t\t\t\t\t<div class=\"e-con-inner\">\n\t\t\t\t<div class=\"elementor-element elementor-element-f9768a7 elementor-widget elementor-widget-text-editor\" data-id=\"f9768a7\" data-element_type=\"widget\" data-e-type=\"widget\" data-widget_type=\"text-editor.default\">\n\t\t\t\t<div class=\"elementor-widget-container\">\n\t\t\t\t\t\t\t\t\t<h4>RIEDLINGEN AND ITS SURROUNDINGS<\/h4><h2>RECREATION<\/h2><p>Experience Riedlingen with its manifold possibilities.<\/p>\t\t\t\t\t\t\t\t<\/div>\n\t\t\t\t<\/div>\n\t\t\t\t\t<\/div>\n\t\t\t\t<\/div>\n\t\t<div class=\"elementor-element elementor-element-6dc2b3e e-grid e-con-boxed e-con e-parent\" data-id=\"6dc2b3e\" data-element_type=\"container\" data-e-type=\"container\">\n\t\t\t\t\t<div class=\"e-con-inner\">\n\t\t\t\t<div class=\"elementor-element elementor-element-e61257d elementor-widget elementor-widget-image\" data-id=\"e61257d\" data-element_type=\"widget\" data-e-type=\"widget\" data-widget_type=\"image.default\">\n\t\t\t\t<div class=\"elementor-widget-container\">\n\t\t\t\t\t\t\t\t\t\t\t\t\t\t\t\t<a href=\"\/en\/unternehmungen\/\">\n\t\t\t\t\t\t\t<img loading=\"lazy\" decoding=\"async\" width=\"520\" height=\"400\" src=\"https:\/\/hotel-riedlingen.com\/wp-content\/uploads\/2024\/07\/Radfahren-520x400_AdobeStock_25487953.jpg\" class=\"attachment-large size-large wp-image-158\" alt=\"\" srcset=\"https:\/\/hotel-riedlingen.com\/wp-content\/uploads\/2024\/07\/Radfahren-520x400_AdobeStock_25487953.jpg 520w, https:\/\/hotel-riedlingen.com\/wp-content\/uploads\/2024\/07\/Radfahren-520x400_AdobeStock_25487953-300x231.jpg 300w, https:\/\/hotel-riedlingen.com\/wp-content\/uploads\/2024\/07\/Radfahren-520x400_AdobeStock_25487953-16x12.jpg 16w\" sizes=\"(max-width: 520px) 100vw, 520px\" \/>\t\t\t\t\t\t\t\t<\/a>\n\t\t\t\t\t\t\t\t\t\t\t\t\t\t\t<\/div>\n\t\t\t\t<\/div>\n\t\t\t\t<div class=\"elementor-element elementor-element-bbf7e33 elementor-widget elementor-widget-image\" data-id=\"bbf7e33\" data-element_type=\"widget\" data-e-type=\"widget\" data-widget_type=\"image.default\">\n\t\t\t\t<div class=\"elementor-widget-container\">\n\t\t\t\t\t\t\t\t\t\t\t\t\t\t\t\t<a href=\"\/en\/sehenswuerdigkeiten\/\">\n\t\t\t\t\t\t\t<img loading=\"lazy\" decoding=\"async\" width=\"540\" height=\"409\" src=\"https:\/\/hotel-riedlingen.com\/wp-content\/uploads\/2024\/07\/Sehenswuerdigkeiten_540x406px-AdobeStock_25050350.jpg\" class=\"attachment-large size-large wp-image-159\" alt=\"\" srcset=\"https:\/\/hotel-riedlingen.com\/wp-content\/uploads\/2024\/07\/Sehenswuerdigkeiten_540x406px-AdobeStock_25050350.jpg 540w, https:\/\/hotel-riedlingen.com\/wp-content\/uploads\/2024\/07\/Sehenswuerdigkeiten_540x406px-AdobeStock_25050350-300x227.jpg 300w, https:\/\/hotel-riedlingen.com\/wp-content\/uploads\/2024\/07\/Sehenswuerdigkeiten_540x406px-AdobeStock_25050350-16x12.jpg 16w\" sizes=\"(max-width: 540px) 100vw, 540px\" \/>\t\t\t\t\t\t\t\t<\/a>\n\t\t\t\t\t\t\t\t\t\t\t\t\t\t\t<\/div>\n\t\t\t\t<\/div>\n\t\t\t\t<div class=\"elementor-element elementor-element-2431b6d elementor-widget elementor-widget-image\" data-id=\"2431b6d\" data-element_type=\"widget\" data-e-type=\"widget\" data-widget_type=\"image.default\">\n\t\t\t\t<div class=\"elementor-widget-container\">\n\t\t\t\t\t\t\t\t\t\t\t\t\t\t\t<img loading=\"lazy\" decoding=\"async\" width=\"540\" height=\"406\" src=\"https:\/\/hotel-riedlingen.com\/wp-content\/uploads\/2024\/07\/Ausfluege_540x406px-AdobeStock_164057417.jpg\" class=\"attachment-large size-large wp-image-160\" alt=\"\" srcset=\"https:\/\/hotel-riedlingen.com\/wp-content\/uploads\/2024\/07\/Ausfluege_540x406px-AdobeStock_164057417.jpg 540w, https:\/\/hotel-riedlingen.com\/wp-content\/uploads\/2024\/07\/Ausfluege_540x406px-AdobeStock_164057417-300x226.jpg 300w, https:\/\/hotel-riedlingen.com\/wp-content\/uploads\/2024\/07\/Ausfluege_540x406px-AdobeStock_164057417-16x12.jpg 16w\" sizes=\"(max-width: 540px) 100vw, 540px\" \/>\t\t\t\t\t\t\t\t\t\t\t\t\t\t\t<\/div>\n\t\t\t\t<\/div>\n\t\t\t\t<div class=\"elementor-element elementor-element-927cd52 elementor-widget elementor-widget-text-editor\" data-id=\"927cd52\" data-element_type=\"widget\" data-e-type=\"widget\" data-widget_type=\"text-editor.default\">\n\t\t\t\t<div class=\"elementor-widget-container\">\n\t\t\t\t\t\t\t\t\t<div class=\"content\"><h2>Activities<\/h2><p>So many ideas - take a look around...<\/p><\/div>\t\t\t\t\t\t\t\t<\/div>\n\t\t\t\t<\/div>\n\t\t\t\t<div class=\"elementor-element elementor-element-6e2d968 elementor-widget elementor-widget-text-editor\" data-id=\"6e2d968\" data-element_type=\"widget\" data-e-type=\"widget\" data-widget_type=\"text-editor.default\">\n\t\t\t\t<div class=\"elementor-widget-container\">\n\t\t\t\t\t\t\t\t\t<div class=\"content\"><h2>Sightseeing<\/h2><p>Riedlingen has a lot to discover - let yourself be surprised.<\/p><\/div>\t\t\t\t\t\t\t\t<\/div>\n\t\t\t\t<\/div>\n\t\t\t\t<div class=\"elementor-element elementor-element-ac3588e elementor-widget elementor-widget-text-editor\" data-id=\"ac3588e\" data-element_type=\"widget\" data-e-type=\"widget\" data-widget_type=\"text-editor.default\">\n\t\t\t\t<div class=\"elementor-widget-container\">\n\t\t\t\t\t\t\t\t\t<div class=\"content\"><h2>Excursions<\/h2><p>Riedlingen is an excellent starting point for exploring the area.<\/p><\/div>\t\t\t\t\t\t\t\t<\/div>\n\t\t\t\t<\/div>\n\t\t\t\t\t<\/div>\n\t\t\t\t<\/div>\n\t\t\t\t<\/div>","protected":false},"excerpt":{"rendered":"<p>JETZT WUNSCHTERMIN PR\u00dcFEN! Jetzt zum Wunschtermin buchen IHR HOTEL IN RIEDLINGEN RELAXEN. VERW\u00d6HNEN. LOS LASSEN. Im 2019 neu gebauten Hotel Gudrun in Riedlingen, k\u00f6nnen Sie Ihren sch\u00f6nsten Urlaub in Oberschwaben verleben. Mit modernster Zimmerausstattung und einer tollen Lage, direkt am Stadtzentrum, ist nicht nur das Leben direkt vor der T\u00fcr, sondern sind auch ruhige Pl\u00e4tze [&hellip;]<\/p>\n","protected":false},"author":1,"featured_media":0,"parent":0,"menu_order":0,"comment_status":"closed","ping_status":"closed","template":"","meta":{"ocean_post_layout":"full-screen","ocean_both_sidebars_style":"","ocean_both_sidebars_content_width":0,"ocean_both_sidebars_sidebars_width":0,"ocean_sidebar":"","ocean_second_sidebar":"","ocean_disable_margins":"enable","ocean_add_body_class":"","ocean_shortcode_before_top_bar":"","ocean_shortcode_after_top_bar":"","ocean_shortcode_before_header":"","ocean_shortcode_after_header":"","ocean_has_shortcode":"","ocean_shortcode_after_title":"","ocean_shortcode_before_footer_widgets":"","ocean_shortcode_after_footer_widgets":"","ocean_shortcode_before_footer_bottom":"","ocean_shortcode_after_footer_bottom":"","ocean_display_top_bar":"off","ocean_display_header":"default","ocean_header_style":"","ocean_center_header_left_menu":"","ocean_custom_header_template":"","ocean_custom_logo":0,"ocean_custom_retina_logo":0,"ocean_custom_logo_max_width":0,"ocean_custom_logo_tablet_max_width":0,"ocean_custom_logo_mobile_max_width":0,"ocean_custom_logo_max_height":0,"ocean_custom_logo_tablet_max_height":0,"ocean_custom_logo_mobile_max_height":0,"ocean_header_custom_menu":"","ocean_menu_typo_font_family":"","ocean_menu_typo_font_subset":"","ocean_menu_typo_font_size":0,"ocean_menu_typo_font_size_tablet":0,"ocean_menu_typo_font_size_mobile":0,"ocean_menu_typo_font_size_unit":"px","ocean_menu_typo_font_weight":"","ocean_menu_typo_font_weight_tablet":"","ocean_menu_typo_font_weight_mobile":"","ocean_menu_typo_transform":"","ocean_menu_typo_transform_tablet":"","ocean_menu_typo_transform_mobile":"","ocean_menu_typo_line_height":0,"ocean_menu_typo_line_height_tablet":0,"ocean_menu_typo_line_height_mobile":0,"ocean_menu_typo_line_height_unit":"","ocean_menu_typo_spacing":0,"ocean_menu_typo_spacing_tablet":0,"ocean_menu_typo_spacing_mobile":0,"ocean_menu_typo_spacing_unit":"","ocean_menu_link_color":"","ocean_menu_link_color_hover":"","ocean_menu_link_color_active":"","ocean_menu_link_background":"","ocean_menu_link_hover_background":"","ocean_menu_link_active_background":"","ocean_menu_social_links_bg":"","ocean_menu_social_hover_links_bg":"","ocean_menu_social_links_color":"","ocean_menu_social_hover_links_color":"","ocean_disable_title":"on","ocean_disable_heading":"default","ocean_post_title":"","ocean_post_subheading":"","ocean_post_title_style":"","ocean_post_title_background_color":"","ocean_post_title_background":0,"ocean_post_title_bg_image_position":"","ocean_post_title_bg_image_attachment":"","ocean_post_title_bg_image_repeat":"","ocean_post_title_bg_image_size":"","ocean_post_title_height":0,"ocean_post_title_bg_overlay":0.5,"ocean_post_title_bg_overlay_color":"","ocean_disable_breadcrumbs":"default","ocean_breadcrumbs_color":"","ocean_breadcrumbs_separator_color":"","ocean_breadcrumbs_links_color":"","ocean_breadcrumbs_links_hover_color":"","ocean_display_footer_widgets":"default","ocean_display_footer_bottom":"default","ocean_custom_footer_template":"","footnotes":""},"class_list":["post-6","page","type-page","status-publish","hentry","entry"],"_links":{"self":[{"href":"http:\/\/hotel-riedlingen.com\/en\/wp-json\/wp\/v2\/pages\/6","targetHints":{"allow":["GET"]}}],"collection":[{"href":"http:\/\/hotel-riedlingen.com\/en\/wp-json\/wp\/v2\/pages"}],"about":[{"href":"http:\/\/hotel-riedlingen.com\/en\/wp-json\/wp\/v2\/types\/page"}],"author":[{"embeddable":true,"href":"http:\/\/hotel-riedlingen.com\/en\/wp-json\/wp\/v2\/users\/1"}],"replies":[{"embeddable":true,"href":"http:\/\/hotel-riedlingen.com\/en\/wp-json\/wp\/v2\/comments?post=6"}],"version-history":[{"count":57,"href":"http:\/\/hotel-riedlingen.com\/en\/wp-json\/wp\/v2\/pages\/6\/revisions"}],"predecessor-version":[{"id":1040,"href":"http:\/\/hotel-riedlingen.com\/en\/wp-json\/wp\/v2\/pages\/6\/revisions\/1040"}],"wp:attachment":[{"href":"http:\/\/hotel-riedlingen.com\/en\/wp-json\/wp\/v2\/media?parent=6"}],"curies":[{"name":"wp","href":"https:\/\/api.w.org\/{rel}","templated":true}]}}