{"id":12,"date":"2024-07-22T15:18:15","date_gmt":"2024-07-22T15:18:15","guid":{"rendered":"http:\/\/hotel-riedlingen.com\/?page_id=12"},"modified":"2024-08-07T09:15:40","modified_gmt":"2024-08-07T09:15:40","slug":"freizeit","status":"publish","type":"page","link":"https:\/\/hotel-riedlingen.com\/en\/freizeit\/","title":{"rendered":"Recreation"},"content":{"rendered":"<div data-elementor-type=\"wp-page\" data-elementor-id=\"12\" class=\"elementor elementor-12\">\n\t\t\t\t<div class=\"elementor-element elementor-element-4c861a20 e-transform e-flex e-con-boxed e-con e-parent\" data-id=\"4c861a20\" data-element_type=\"container\" data-e-type=\"container\" data-settings=\"{&quot;background_background&quot;:&quot;classic&quot;,&quot;_transform_translateX_effect&quot;:{&quot;unit&quot;:&quot;%&quot;,&quot;size&quot;:&quot;&quot;,&quot;sizes&quot;:[]},&quot;_transform_translateX_effect_tablet&quot;:{&quot;unit&quot;:&quot;%&quot;,&quot;size&quot;:&quot;&quot;,&quot;sizes&quot;:[]},&quot;_transform_translateX_effect_mobile&quot;:{&quot;unit&quot;:&quot;%&quot;,&quot;size&quot;:&quot;&quot;,&quot;sizes&quot;:[]},&quot;_transform_translateY_effect&quot;:{&quot;unit&quot;:&quot;%&quot;,&quot;size&quot;:&quot;&quot;,&quot;sizes&quot;:[]},&quot;_transform_translateY_effect_tablet&quot;:{&quot;unit&quot;:&quot;%&quot;,&quot;size&quot;:&quot;&quot;,&quot;sizes&quot;:[]},&quot;_transform_translateY_effect_mobile&quot;:{&quot;unit&quot;:&quot;%&quot;,&quot;size&quot;:&quot;&quot;,&quot;sizes&quot;:[]}}\">\n\t\t\t\t\t<div class=\"e-con-inner\">\n\t\t\t\t\t<\/div>\n\t\t\t\t<\/div>\n\t\t<div class=\"elementor-element elementor-element-2c45e9bc e-flex e-con-boxed e-con e-parent\" data-id=\"2c45e9bc\" data-element_type=\"container\" data-e-type=\"container\">\n\t\t\t\t\t<div class=\"e-con-inner\">\n\t\t\t\t<div class=\"elementor-element elementor-element-4197886 elementor-widget__width-initial elementor-widget elementor-widget-text-editor\" data-id=\"4197886\" data-element_type=\"widget\" data-e-type=\"widget\" data-widget_type=\"text-editor.default\">\n\t\t\t\t<div class=\"elementor-widget-container\">\n\t\t\t\t\t\t\t\t\t<h4>HOW TO MANAGE MY LEISURE TIME?<\/h4><h1>LEISURE TIME IN RIEDLINGEN<\/h1><p>In the midst of a beautiful landscape with wide meadows and fields, between Bussen (highest Mountain of upper swabia) and Swabian Alb, lies the traditional town Riedlingen. The Danube flows along the old town center with its magnificent half-timbered houses. The old town is almost completely listed. Towers and gates, proud town houses, half-timbered gables, beautiful squares and winding streets full of history shape the face of the Danube city - one of the most beautiful in Upper Swabia.<\/p><p>Experience Riedlingen and its surroundings with a variety of offers.<\/p><p>Here you can see possibilities that offer you Riedlingen and surroundings to make it a fun holiday.<\/p>\t\t\t\t\t\t\t\t<\/div>\n\t\t\t\t<\/div>\n\t\t\t\t\t<\/div>\n\t\t\t\t<\/div>\n\t\t<div class=\"elementor-element elementor-element-342970b e-grid e-con-boxed e-con e-parent\" data-id=\"342970b\" data-element_type=\"container\" data-e-type=\"container\" data-settings=\"{&quot;background_background&quot;:&quot;classic&quot;}\">\n\t\t\t\t\t<div class=\"e-con-inner\">\n\t\t\t\t<div class=\"elementor-element elementor-element-0ca3f67 elementor-widget elementor-widget-image\" data-id=\"0ca3f67\" data-element_type=\"widget\" data-e-type=\"widget\" data-widget_type=\"image.default\">\n\t\t\t\t<div class=\"elementor-widget-container\">\n\t\t\t\t\t\t\t\t\t\t\t\t<figure class=\"wp-caption\">\n\t\t\t\t\t\t\t\t\t\t\t<a href=\"https:\/\/hotel-riedlingen.com\/en\/veranstaltungen\/\">\n\t\t\t\t\t\t\t<img fetchpriority=\"high\" decoding=\"async\" width=\"540\" height=\"409\" src=\"http:\/\/hotel-riedlingen.com\/wp-content\/uploads\/2024\/07\/Veranstaltungen_GoleUmzug_540x409px.jpg\" class=\"attachment-large size-large wp-image-268\" alt=\"\" srcset=\"http:\/\/hotel-riedlingen.com\/wp-content\/uploads\/2024\/07\/Veranstaltungen_GoleUmzug_540x409px.jpg 540w, http:\/\/hotel-riedlingen.com\/wp-content\/uploads\/2024\/07\/Veranstaltungen_GoleUmzug_540x409px-300x227.jpg 300w, http:\/\/hotel-riedlingen.com\/wp-content\/uploads\/2024\/07\/Veranstaltungen_GoleUmzug_540x409px-16x12.jpg 16w\" sizes=\"(max-width: 540px) 100vw, 540px\" \/>\t\t\t\t\t\t\t\t<\/a>\n\t\t\t\t\t\t\t\t\t\t\t<figcaption class=\"widget-image-caption wp-caption-text\">Events<\/figcaption>\n\t\t\t\t\t\t\t\t\t\t<\/figure>\n\t\t\t\t\t\t\t\t\t<\/div>\n\t\t\t\t<\/div>\n\t\t\t\t<div class=\"elementor-element elementor-element-33ca021 elementor-widget elementor-widget-image\" data-id=\"33ca021\" data-element_type=\"widget\" data-e-type=\"widget\" data-widget_type=\"image.default\">\n\t\t\t\t<div class=\"elementor-widget-container\">\n\t\t\t\t\t\t\t\t\t\t\t\t<figure class=\"wp-caption\">\n\t\t\t\t\t\t\t\t\t\t\t<a href=\"https:\/\/hotel-riedlingen.com\/en\/sehenswuerdigkeiten\/\">\n\t\t\t\t\t\t\t<img decoding=\"async\" width=\"540\" height=\"409\" src=\"http:\/\/hotel-riedlingen.com\/wp-content\/uploads\/2024\/07\/Sehenswuerdigkeiten_540x406px-AdobeStock_25050350.jpg\" class=\"attachment-large size-large wp-image-159\" alt=\"\" srcset=\"http:\/\/hotel-riedlingen.com\/wp-content\/uploads\/2024\/07\/Sehenswuerdigkeiten_540x406px-AdobeStock_25050350.jpg 540w, http:\/\/hotel-riedlingen.com\/wp-content\/uploads\/2024\/07\/Sehenswuerdigkeiten_540x406px-AdobeStock_25050350-300x227.jpg 300w, http:\/\/hotel-riedlingen.com\/wp-content\/uploads\/2024\/07\/Sehenswuerdigkeiten_540x406px-AdobeStock_25050350-16x12.jpg 16w\" sizes=\"(max-width: 540px) 100vw, 540px\" \/>\t\t\t\t\t\t\t\t<\/a>\n\t\t\t\t\t\t\t\t\t\t\t<figcaption class=\"widget-image-caption wp-caption-text\">Sightseeing<\/figcaption>\n\t\t\t\t\t\t\t\t\t\t<\/figure>\n\t\t\t\t\t\t\t\t\t<\/div>\n\t\t\t\t<\/div>\n\t\t\t\t<div class=\"elementor-element elementor-element-9773f15 elementor-widget elementor-widget-image\" data-id=\"9773f15\" data-element_type=\"widget\" data-e-type=\"widget\" data-widget_type=\"image.default\">\n\t\t\t\t<div class=\"elementor-widget-container\">\n\t\t\t\t\t\t\t\t\t\t\t\t<figure class=\"wp-caption\">\n\t\t\t\t\t\t\t\t\t\t\t<a href=\"https:\/\/hotel-riedlingen.com\/en\/unternehmungen\/\">\n\t\t\t\t\t\t\t<img decoding=\"async\" width=\"540\" height=\"406\" src=\"http:\/\/hotel-riedlingen.com\/wp-content\/uploads\/2024\/08\/Unternehmungen_540x406px-AdobeStock_25487953.jpg\" class=\"attachment-large size-large wp-image-762\" alt=\"\" srcset=\"http:\/\/hotel-riedlingen.com\/wp-content\/uploads\/2024\/08\/Unternehmungen_540x406px-AdobeStock_25487953.jpg 540w, http:\/\/hotel-riedlingen.com\/wp-content\/uploads\/2024\/08\/Unternehmungen_540x406px-AdobeStock_25487953-300x226.jpg 300w, http:\/\/hotel-riedlingen.com\/wp-content\/uploads\/2024\/08\/Unternehmungen_540x406px-AdobeStock_25487953-16x12.jpg 16w\" sizes=\"(max-width: 540px) 100vw, 540px\" \/>\t\t\t\t\t\t\t\t<\/a>\n\t\t\t\t\t\t\t\t\t\t\t<figcaption class=\"widget-image-caption wp-caption-text\">Activities<\/figcaption>\n\t\t\t\t\t\t\t\t\t\t<\/figure>\n\t\t\t\t\t\t\t\t\t<\/div>\n\t\t\t\t<\/div>\n\t\t\t\t<div class=\"elementor-element elementor-element-d12612e elementor-widget elementor-widget-image\" data-id=\"d12612e\" data-element_type=\"widget\" data-e-type=\"widget\" data-widget_type=\"image.default\">\n\t\t\t\t<div class=\"elementor-widget-container\">\n\t\t\t\t\t\t\t\t\t\t\t\t<figure class=\"wp-caption\">\n\t\t\t\t\t\t\t\t\t\t\t<a href=\"https:\/\/hotel-riedlingen.com\/en\/ausfluege\/\">\n\t\t\t\t\t\t\t<img loading=\"lazy\" decoding=\"async\" width=\"540\" height=\"406\" src=\"http:\/\/hotel-riedlingen.com\/wp-content\/uploads\/2024\/07\/Ausfluege_540x406px-AdobeStock_164057417.jpg\" class=\"attachment-large size-large wp-image-160\" alt=\"\" srcset=\"http:\/\/hotel-riedlingen.com\/wp-content\/uploads\/2024\/07\/Ausfluege_540x406px-AdobeStock_164057417.jpg 540w, http:\/\/hotel-riedlingen.com\/wp-content\/uploads\/2024\/07\/Ausfluege_540x406px-AdobeStock_164057417-300x226.jpg 300w, http:\/\/hotel-riedlingen.com\/wp-content\/uploads\/2024\/07\/Ausfluege_540x406px-AdobeStock_164057417-16x12.jpg 16w\" sizes=\"(max-width: 540px) 100vw, 540px\" \/>\t\t\t\t\t\t\t\t<\/a>\n\t\t\t\t\t\t\t\t\t\t\t<figcaption class=\"widget-image-caption wp-caption-text\">Excursions<\/figcaption>\n\t\t\t\t\t\t\t\t\t\t<\/figure>\n\t\t\t\t\t\t\t\t\t<\/div>\n\t\t\t\t<\/div>\n\t\t\t\t\t<\/div>\n\t\t\t\t<\/div>\n\t\t\t\t<\/div>","protected":false},"excerpt":{"rendered":"<p>WAS KANN ICH UNTERNEHMEN? FREIZEIT IN RIEDLINGEN Inmitten einer wundersch\u00f6nen Landschaft mit weiten Wiesen und Feldern, zwischen Bussen und Schw\u00e4bischer Alb, liegt das traditionsreiche St\u00e4dtchen Riedlingen. Die Donau flie\u00dft entlang des alten Stadtkerns mit seinen pr\u00e4chtigen Fachwerkh\u00e4usern. Die Altstadt steht beinahe vollkommen unter Denkmalschutz. T\u00fcrme und Tore, stolze B\u00fcrgerh\u00e4user, Fachwerkgiebel, sch\u00f6ne Pl\u00e4tze und verwinkelte Gassen [&hellip;]<\/p>\n","protected":false},"author":1,"featured_media":0,"parent":0,"menu_order":0,"comment_status":"closed","ping_status":"closed","template":"","meta":{"ocean_post_layout":"full-screen","ocean_both_sidebars_style":"","ocean_both_sidebars_content_width":0,"ocean_both_sidebars_sidebars_width":0,"ocean_sidebar":"","ocean_second_sidebar":"","ocean_disable_margins":"enable","ocean_add_body_class":"","ocean_shortcode_before_top_bar":"","ocean_shortcode_after_top_bar":"","ocean_shortcode_before_header":"","ocean_shortcode_after_header":"","ocean_has_shortcode":"","ocean_shortcode_after_title":"","ocean_shortcode_before_footer_widgets":"","ocean_shortcode_after_footer_widgets":"","ocean_shortcode_before_footer_bottom":"","ocean_shortcode_after_footer_bottom":"","ocean_display_top_bar":"off","ocean_display_header":"default","ocean_header_style":"","ocean_center_header_left_menu":"","ocean_custom_header_template":"","ocean_custom_logo":0,"ocean_custom_retina_logo":0,"ocean_custom_logo_max_width":0,"ocean_custom_logo_tablet_max_width":0,"ocean_custom_logo_mobile_max_width":0,"ocean_custom_logo_max_height":0,"ocean_custom_logo_tablet_max_height":0,"ocean_custom_logo_mobile_max_height":0,"ocean_header_custom_menu":"","ocean_menu_typo_font_family":"","ocean_menu_typo_font_subset":"","ocean_menu_typo_font_size":0,"ocean_menu_typo_font_size_tablet":0,"ocean_menu_typo_font_size_mobile":0,"ocean_menu_typo_font_size_unit":"px","ocean_menu_typo_font_weight":"","ocean_menu_typo_font_weight_tablet":"","ocean_menu_typo_font_weight_mobile":"","ocean_menu_typo_transform":"","ocean_menu_typo_transform_tablet":"","ocean_menu_typo_transform_mobile":"","ocean_menu_typo_line_height":0,"ocean_menu_typo_line_height_tablet":0,"ocean_menu_typo_line_height_mobile":0,"ocean_menu_typo_line_height_unit":"","ocean_menu_typo_spacing":0,"ocean_menu_typo_spacing_tablet":0,"ocean_menu_typo_spacing_mobile":0,"ocean_menu_typo_spacing_unit":"","ocean_menu_link_color":"","ocean_menu_link_color_hover":"","ocean_menu_link_color_active":"","ocean_menu_link_background":"","ocean_menu_link_hover_background":"","ocean_menu_link_active_background":"","ocean_menu_social_links_bg":"","ocean_menu_social_hover_links_bg":"","ocean_menu_social_links_color":"","ocean_menu_social_hover_links_color":"","ocean_disable_title":"on","ocean_disable_heading":"default","ocean_post_title":"","ocean_post_subheading":"","ocean_post_title_style":"","ocean_post_title_background_color":"","ocean_post_title_background":0,"ocean_post_title_bg_image_position":"","ocean_post_title_bg_image_attachment":"","ocean_post_title_bg_image_repeat":"","ocean_post_title_bg_image_size":"","ocean_post_title_height":0,"ocean_post_title_bg_overlay":0.5,"ocean_post_title_bg_overlay_color":"","ocean_disable_breadcrumbs":"default","ocean_breadcrumbs_color":"","ocean_breadcrumbs_separator_color":"","ocean_breadcrumbs_links_color":"","ocean_breadcrumbs_links_hover_color":"","ocean_display_footer_widgets":"default","ocean_display_footer_bottom":"default","ocean_custom_footer_template":"","footnotes":""},"class_list":["post-12","page","type-page","status-publish","hentry","entry"],"_links":{"self":[{"href":"https:\/\/hotel-riedlingen.com\/en\/wp-json\/wp\/v2\/pages\/12","targetHints":{"allow":["GET"]}}],"collection":[{"href":"https:\/\/hotel-riedlingen.com\/en\/wp-json\/wp\/v2\/pages"}],"about":[{"href":"https:\/\/hotel-riedlingen.com\/en\/wp-json\/wp\/v2\/types\/page"}],"author":[{"embeddable":true,"href":"https:\/\/hotel-riedlingen.com\/en\/wp-json\/wp\/v2\/users\/1"}],"replies":[{"embeddable":true,"href":"https:\/\/hotel-riedlingen.com\/en\/wp-json\/wp\/v2\/comments?post=12"}],"version-history":[{"count":34,"href":"https:\/\/hotel-riedlingen.com\/en\/wp-json\/wp\/v2\/pages\/12\/revisions"}],"predecessor-version":[{"id":932,"href":"https:\/\/hotel-riedlingen.com\/en\/wp-json\/wp\/v2\/pages\/12\/revisions\/932"}],"wp:attachment":[{"href":"https:\/\/hotel-riedlingen.com\/en\/wp-json\/wp\/v2\/media?parent=12"}],"curies":[{"name":"wp","href":"https:\/\/api.w.org\/{rel}","templated":true}]}}